{"id":5003,"date":"2018-04-06T18:22:25","date_gmt":"2018-04-06T16:22:25","guid":{"rendered":"http:\/\/pheipas.org\/aviso-legal\/"},"modified":"2018-04-06T18:22:25","modified_gmt":"2018-04-06T16:22:25","slug":"aviso-legal","status":"publish","type":"page","link":"http:\/\/pheipas.org\/en\/aviso-legal\/","title":{"rendered":"Aviso Legal"},"content":{"rendered":"<p>En cumplimiento de la Ley 34\/2002, de 11 de Julio, de Servicios de la Sociedad de la Informaci\u00f3n y de Comercio Electr\u00f3nico, le informamos de que<strong><span class=\"Apple-converted-space\"> Pheipas<\/span><\/strong><span class=\"Apple-converted-space\"> con domicilio social en la\u00a0C. Joaqu\u00edn Garcia Girona, 45 &#8211; 1\u00ba J 12006 Castell\u00f3n (Espa\u00f1a) o a la direcci\u00f3n de correo electr\u00f3nico <a href=\"mailto:info@pheipas.org\">info@pheipas.org<\/a> <\/span>es titular de este sitio Web.<\/p>\n<p>De conformidad con lo establecido en la Ley Org\u00e1nica 15\/1999, de Protecci\u00f3n de Datos de Car\u00e1cter Personal, en caso de que nos env\u00ede alg\u00fan correo electr\u00f3nico a la direcci\u00f3n indicada en la misma, o rellene alg\u00fan formulario de recogida de datos, le informamos de que los datos de car\u00e1cter personal que nos proporcione, ser\u00e1n registrados en el fichero del que es responsable\u00a0<span class=\"Apple-converted-space\"><strong>Pheipas<\/strong> <\/span> con la finalidad de gestionar su consulta, mantener una relaci\u00f3n comercial, as\u00ed como para el env\u00edo por cualquier medio, incluso por correo electr\u00f3nico u otro medio de comunicaci\u00f3n electr\u00f3nica equivalente informaciones publicitarias o promocionales sobre los productos o servicios de la Empresa.<\/p>\n<p>Usted podr\u00e1 oponerse al tratamiento de sus datos con fines publicitarios y ejercitar los derechos de acceso, rectificaci\u00f3n, cancelaci\u00f3n y oposici\u00f3n, de conformidad con lo establecido en la legislaci\u00f3n vigente, mediante comunicaci\u00f3n escrita a la siguiente direcci\u00f3n:<\/p>\n<p><strong><span class=\"Apple-converted-space\">Pheipas<\/span><\/strong>,\u00a0<span class=\"Apple-converted-space\">C. Joaqu\u00edn Garcia Girona, 45 &#8211; 1\u00ba J 12006 Castell\u00f3n <\/span>(Espa\u00f1a) o a la direcci\u00f3n de correo electr\u00f3nico <a href=\"mailto:info@pheipas.org\">info@pheipas.org<\/a><\/p>\n<p><span class=\"Apple-converted-space\"><strong>Pheipas<\/strong> <\/span>declara haber adoptado todas las medidas de seguridad necesarias y adecuadas a lo establecido en el Real Decreto 1720\/2007, de 21 de diciembre, por el que se aprueba el Reglamento de desarrollo de la LOPD y ha establecido todos los medios t\u00e9cnicos a su alcance con la intenci\u00f3n de evitar la p\u00e9rdida, mal uso, alteraci\u00f3n, acceso no autorizado o robo de los datos que Vd. Facilite.<\/p>\n<p>Todos los contenidos incluidos en la P\u00e1gina Web y en particular las marcas, nombres comerciales, dise\u00f1os industriales, dise\u00f1os, textos, fotograf\u00edas, gr\u00e1ficos, logotipos, iconos, software o cualesquiera otros signos susceptibles de utilizaci\u00f3n industrial y comercial est\u00e1n protegidos por derechos de propiedad industrial e intelectual de <strong><span class=\"Apple-converted-space\">Pheipas<\/span><\/strong>. Queda por lo tanto prohibida cualquier utilizaci\u00f3n, y\/o reproducci\u00f3n de los mismos sin consentimiento expreso de la Empresa.<\/p>\n<p><strong><span class=\"Apple-converted-space\">Pheipas<\/span><\/strong> no ser\u00e1 responsable de la infracci\u00f3n de los derechos de propiedad intelectual o industrial de terceros que pudieran derivarse de la inclusi\u00f3n en la P\u00e1gina Web de marcas, nombres comerciales, dise\u00f1os industriales, patentes, dise\u00f1os, textos, fotograf\u00edas, gr\u00e1ficos, logotipos, iconos o software pertenecientes a terceros que hayan declarado ser titulares de los mismos al incluirlos en la P\u00e1gina Web.<\/p>\n<p>El Usuario se obliga a usar los contenidos de la P\u00e1gina Web de forma diligente, correcta y il\u00edcita y se compromete a abstenerse de:<\/p>\n<p>a) Utilizar los contenidos con fines o efectos contrarios a la ley, a la moral ya las buenas costumbres o al orden p\u00fablico.<\/p>\n<p>b) Reproducir, copiar, distribuir, permitir el acceso del p\u00fablico a trav\u00e9s de cualquier modalidad de comunicaci\u00f3n p\u00fablica, transformar o modificar los contenidos, a menos que se cuente con la correspondiente autorizaci\u00f3n de su titular.<\/p>\n<p>c) Utilizar los contenidos de la P\u00e1gina Web para remitir publicidad, comunicaciones con fines de venta directa o con cualquier otra clase de finalidad comercial, mensajes no solicitados dirigidos a una pluralidad de personas con independencia de su finalidad, as\u00ed como a abstenerse de comercializar o divulgar de cualquier modo dicha informaci\u00f3n.<\/p>\n<p>En caso de conflicto de cualquier \u00edndole, ambas partes intentar\u00e1n llegar a un acuerdo pac\u00edfico.<\/p>\n<p>No siendo posible, los Tribunales de Castell\u00f3n tendr\u00e1n la competencia para conocer el caso.<\/p>\n","protected":false},"excerpt":{"rendered":"<p>En cumplimiento de la Ley 34\/2002, de 11 de Julio, de Servicios de la Sociedad de la Informaci\u00f3n y de Comercio Electr\u00f3nico, le informamos de que Pheipas con domicilio social en la\u00a0C. Joaqu\u00edn Garcia Girona, 45 &#8211; 1\u00ba J 12006 [&hellip;]<\/p>\n","protected":false},"author":5,"featured_media":0,"parent":0,"menu_order":0,"comment_status":"open","ping_status":"open","template":"","meta":[],"_links":{"self":[{"href":"http:\/\/pheipas.org\/en\/wp-json\/wp\/v2\/pages\/5003"}],"collection":[{"href":"http:\/\/pheipas.org\/en\/wp-json\/wp\/v2\/pages"}],"about":[{"href":"http:\/\/pheipas.org\/en\/wp-json\/wp\/v2\/types\/page"}],"author":[{"embeddable":true,"href":"http:\/\/pheipas.org\/en\/wp-json\/wp\/v2\/users\/5"}],"replies":[{"embeddable":true,"href":"http:\/\/pheipas.org\/en\/wp-json\/wp\/v2\/comments?post=5003"}],"version-history":[{"count":0,"href":"http:\/\/pheipas.org\/en\/wp-json\/wp\/v2\/pages\/5003\/revisions"}],"wp:attachment":[{"href":"http:\/\/pheipas.org\/en\/wp-json\/wp\/v2\/media?parent=5003"}],"curies":[{"name":"wp","href":"https:\/\/api.w.org\/{rel}","templated":true}]}}